{"id":523,"date":"2016-09-02T23:18:01","date_gmt":"2016-09-02T21:18:01","guid":{"rendered":"http:\/\/fabian.wetterauer.de\/?page_id=523"},"modified":"2024-09-04T17:42:29","modified_gmt":"2024-09-04T15:42:29","slug":"impressum","status":"publish","type":"page","link":"https:\/\/stroppel-meckenbeuren.de\/index.php\/impressum\/","title":{"rendered":"Impressum"},"content":{"rendered":"<p>Faig GmbH<br \/>\nDaimlerstr. 12<br \/>\n88074 Meckenbeuren<\/p>\n<p>Telefon: 07542 3777<br \/>\nFax: 07542 \/ 3725<br \/>\n<span style=\"color: #ff0000;\">rs-meckenbeuren@outlook.de<\/span><br \/>\nGesch\u00e4ftsf\u00fchrer: Alexander Schwindl<\/p>\n<p>USt.-ID.: DE191770099<br \/>\nHandelsregister: Amtsgericht Ulm HRB 631549<\/p>\n<p>Haftung f\u00fcr Inhalte<br \/>\nDie Inhalte unserer Seiten wurden mit gr\u00f6\u00dfter Sorgfalt erstellt. F\u00fcr die Richtigkeit, Vollst\u00e4ndigkeit und Aktualit\u00e4t der Inhalte k\u00f6nnen wir jedoch keine Gew\u00e4hr \u00fcbernehmen. Als Diensteanbieter sind wir gem\u00e4\u00df \u00a7 7 Abs.1 TMG f\u00fcr eigene Inhalte auf diesen Seiten nach den allgemeinen Gesetzen verantwortlich. Nach \u00a7\u00a7 8 bis 10 TMG sind wir als Diensteanbieter jedoch nicht verpflichtet, \u00fcbermittelte oder gespeicherte fremde Informationen zu \u00fcberwachen oder nach Umst\u00e4nden zu forschen, die auf eine rechtswidrige T\u00e4tigkeit hinweisen. Verpflichtungen zur Entfernung oder Sperrung der Nutzung von Informationen nach den allgemeinen Gesetzen bleiben hiervon unber\u00fchrt. Eine diesbez\u00fcgliche Haftung ist jedoch erst ab dem Zeitpunkt der Kenntnis einer konkreten Rechtsverletzung m\u00f6glich. Bei bekannt werden von entsprechenden Rechtsverletzungen werden wir diese Inhalte umgehend entfernen. Verbraucherinformation gem\u00e4\u00df EU-Verordnung Nr. 524\/2013<\/p>\n<p>COPYRIGHT<br \/>\nDer gesamte Inhalt dieser Webseite unterliegt dem Urheberrecht und anderen Gesetzen zum Schutze geistigen Eigentums. Es d\u00fcrfen keinerlei Teile, weder f\u00fcr private noch f\u00fcr gesch\u00e4ftliche Zwecke ohne schriftliche Genehmigung der Faig GmbH verwendet, kopiert oder ver\u00e4ndert werden. Alle auf dieser Webseite verwendeten Handelsmarken oder Markenzeichen sind Eigentum der jeweiligen Rechte-Inhaber. Reproduktion oder Wiedergabe des Ganzen oder von Teilen ist ohne die schriftliche Genehmigung der Faig GmbH nicht gestattet.<\/p>\n<p>Haftung f\u00fcr Links<br \/>\nUnser Angebot enth\u00e4lt Links zu externen Webseiten Dritter, auf deren Inhalte wir keinen Einfluss haben. Deshalb k\u00f6nnen wir f\u00fcr diese fremden Inhalte auch keine Gew\u00e4hr \u00fcbernehmen. F\u00fcr die Inhalte der verlinkten Seiten ist stets der jeweilige Anbieter oder Betreiber der Seiten verantwortlich. Die verlinkten Seiten wurden zum Zeitpunkt der Verlinkung auf m\u00f6gliche Rechtsverst\u00f6\u00dfe \u00fcberpr\u00fcft. Rechtswidrige Inhalte waren zum Zeitpunkt der Verlinkung nicht erkennbar. Eine permanente inhaltliche Kontrolle der verlinkten Seiten ist jedoch ohne konkrete Anhaltspunkte einer Rechtsverletzung nicht zumutbar. Bei bekannt werden von Rechtsverletzungen werden wir derartige Links umgehend entfernen. Mit Urteil vom 12. Mai 1998 &#8211; 312 O 85\/95 &#8211; &#8218;Haftung f\u00fcr Links&#8216; hat das Landgericht (LG) Hamburg entschieden, dass man durch die Anbringung eines Links die Inhalte der gelinkten Seite ggf. mit zu verantworten hat. Dies kann &#8211; so das LG &#8211; nur dadurch verhindert werden, dass man sich ausdr\u00fccklich von diesen Inhalten distanziert. Hiermit distanzieren wir uns ausdr\u00fccklich von allen Inhalten aller gelinkten Seiten auf unserer Website und machen uns deren Inhalte nicht zu eigen! Diese Erkl\u00e4rung gilt f\u00fcr alle auf unserer Website angebrachten Links.<\/p>\n<p>Urheberrecht<br \/>\nDie durch die Seitenbetreiber erstellten Inhalte und Werke auf diesen Seiten unterliegen dem deutschen Urheberrecht. Beitr\u00e4ge Dritter sind als solche gekennzeichnet. Die Vervielf\u00e4ltigung, Bearbeitung, Verbreitung und jede Art der Verwertung au\u00dferhalb der Grenzen des Urheberrechtes bed\u00fcrfen der schriftlichen Zustimmung des jeweiligen Autors bzw. Erstellers. Downloads und Kopien dieser Seite sind nur f\u00fcr den privaten, nicht kommerziellen Gebrauch gestattet. Die Betreiber der Seiten sind bem\u00fcht, stets die Urheberrechte anderer zu beachten bzw. auf selbst erstellte sowie lizenzfreie Werke zur\u00fcckzugreifen. Das Informationsangebot auf diesem Server wurde mit Sorgfalt erstellt und wird st\u00e4ndig \u00fcberarbeitet. Dessen ungeachtet k\u00f6nnen wir f\u00fcr die Richtigkeit, Vollst\u00e4ndigkeit und Aktualit\u00e4t der Inhalte keine Gew\u00e4hr \u00fcbernehmen. Haben Sie Fragen oder Anregungen zu unserem Informationsangebot? Wir freuen uns \u00fcber jede Mail.<\/p>\n","protected":false},"excerpt":{"rendered":"<p>Faig GmbH Daimlerstr. 12 88074 Meckenbeuren Telefon: 07542 3777 Fax: 07542 \/ 3725 rs-meckenbeuren@outlook.de Gesch\u00e4ftsf\u00fchrer: Alexander Schwindl USt.-ID.: DE191770099 Handelsregister: Amtsgericht Ulm HRB 631549 Haftung f\u00fcr Inhalte Die Inhalte unserer&#8230;<\/p>\n","protected":false},"author":1,"featured_media":0,"parent":0,"menu_order":0,"comment_status":"closed","ping_status":"closed","template":"","meta":[],"_links":{"self":[{"href":"https:\/\/stroppel-meckenbeuren.de\/index.php\/wp-json\/wp\/v2\/pages\/523"}],"collection":[{"href":"https:\/\/stroppel-meckenbeuren.de\/index.php\/wp-json\/wp\/v2\/pages"}],"about":[{"href":"https:\/\/stroppel-meckenbeuren.de\/index.php\/wp-json\/wp\/v2\/types\/page"}],"author":[{"embeddable":true,"href":"https:\/\/stroppel-meckenbeuren.de\/index.php\/wp-json\/wp\/v2\/users\/1"}],"replies":[{"embeddable":true,"href":"https:\/\/stroppel-meckenbeuren.de\/index.php\/wp-json\/wp\/v2\/comments?post=523"}],"version-history":[{"count":6,"href":"https:\/\/stroppel-meckenbeuren.de\/index.php\/wp-json\/wp\/v2\/pages\/523\/revisions"}],"predecessor-version":[{"id":694,"href":"https:\/\/stroppel-meckenbeuren.de\/index.php\/wp-json\/wp\/v2\/pages\/523\/revisions\/694"}],"wp:attachment":[{"href":"https:\/\/stroppel-meckenbeuren.de\/index.php\/wp-json\/wp\/v2\/media?parent=523"}],"curies":[{"name":"wp","href":"https:\/\/api.w.org\/{rel}","templated":true}]}}